{"id":9894,"date":"2025-01-10T18:34:23","date_gmt":"2025-01-10T18:34:23","guid":{"rendered":"https:\/\/kindart.is\/vara\/andardrattur-umhyggjunnar\/"},"modified":"2025-01-10T18:39:49","modified_gmt":"2025-01-10T18:39:49","slug":"andardrattur-umhyggjunnar","status":"publish","type":"product","link":"https:\/\/kindart.is\/en\/vara\/andardrattur-umhyggjunnar\/","title":{"rendered":"Andardr\u00e1ttur umhyggjunnar"},"content":{"rendered":"<p><strong>Andardr\u00e1ttur umhyggjunnar<\/strong>. \u00dar samr\u00e6\u00f0u og \u00ed einr\u00fami. H\u00f6fundur: Caroline Krook. \u00de\u00fd\u00f0andi: J\u00f3n Bjarman. \u00deessi b\u00f3k er \u00e6tlu\u00f0 \u00feeim sem takast \u00e1 vi\u00f0 vandam\u00e1l daglegs l\u00edfs.\u2028B\u00f3kin er l\u00edmheft og sett \u00ed kartonk\u00e1pu. St\u00e6r\u00f0: 18.5 X 12 cm og 63 bls.<\/p>\n<p><strong>\u00datg\u00e1fa og prentun<\/strong>:<br \/>\n\u00datgefandi: Sk\u00e1lholts\u00fatg\u00e1fan Reykjav\u00edk 1998. Prentun: Offsetfj\u00f6lritun.<\/p>\n","protected":false},"excerpt":{"rendered":"<p>Andardr\u00e1ttur umhyggjunnar. \u00dar samr\u00e6\u00f0u og \u00ed einr\u00fami. H\u00f6fundur: Caroline Krook. \u00de\u00fd\u00f0andi: J\u00f3n Bjarman. \u00deessi b\u00f3k er \u00e6tlu\u00f0 \u00feeim sem takast \u00e1 vi\u00f0 vandam\u00e1l daglegs l\u00edfs.\u2028B\u00f3kin er l\u00edmheft og sett \u00ed kartonk\u00e1pu. St\u00e6r\u00f0: 18.5 X 12 cm og 63 bls. \u00datg\u00e1fa og prentun: \u00datgefandi: Sk\u00e1lholts\u00fatg\u00e1fan Reykjav\u00edk 1998. Prentun: Offsetfj\u00f6lritun.<\/p>\n","protected":false},"featured_media":9889,"template":"","meta":{"slim_seo":{"title":"Andardr\u00e1ttur umhyggjunnar - KindArt","description":"Andardr\u00e1ttur umhyggjunnar . \u00dar samr\u00e6\u00f0u og \u00ed einr\u00fami. H\u00f6fundur: Caroline Krook. \u00de\u00fd\u00f0andi: J\u00f3n Bjarman. \u00deessi b\u00f3k er \u00e6tlu\u00f0 \u00feeim sem takast \u00e1 vi\u00f0 vandam\u00e1l daglegs l"}},"product_brand":[],"product_cat":[83],"product_tag":[],"class_list":{"0":"post-9894","1":"product","2":"type-product","3":"status-publish","4":"has-post-thumbnail","6":"product_cat-books","7":"product_shipping_class-small-en","9":"first","10":"outofstock","11":"purchasable","12":"product-type-simple"},"_links":{"self":[{"href":"https:\/\/kindart.is\/en\/wp-json\/wp\/v2\/product\/9894","targetHints":{"allow":["GET"]}}],"collection":[{"href":"https:\/\/kindart.is\/en\/wp-json\/wp\/v2\/product"}],"about":[{"href":"https:\/\/kindart.is\/en\/wp-json\/wp\/v2\/types\/product"}],"wp:featuredmedia":[{"embeddable":true,"href":"https:\/\/kindart.is\/en\/wp-json\/wp\/v2\/media\/9889"}],"wp:attachment":[{"href":"https:\/\/kindart.is\/en\/wp-json\/wp\/v2\/media?parent=9894"}],"wp:term":[{"taxonomy":"product_brand","embeddable":true,"href":"https:\/\/kindart.is\/en\/wp-json\/wp\/v2\/product_brand?post=9894"},{"taxonomy":"product_cat","embeddable":true,"href":"https:\/\/kindart.is\/en\/wp-json\/wp\/v2\/product_cat?post=9894"},{"taxonomy":"product_tag","embeddable":true,"href":"https:\/\/kindart.is\/en\/wp-json\/wp\/v2\/product_tag?post=9894"}],"curies":[{"name":"wp","href":"https:\/\/api.w.org\/{rel}","templated":true}]}}