{"id":9907,"date":"2025-01-10T21:27:12","date_gmt":"2025-01-10T21:27:12","guid":{"rendered":"https:\/\/kindart.is\/vara\/the-norse-myths\/"},"modified":"2025-01-10T21:31:15","modified_gmt":"2025-01-10T21:31:15","slug":"the-norse-myths","status":"publish","type":"product","link":"https:\/\/kindart.is\/en\/vara\/the-norse-myths\/","title":{"rendered":"The Norse Myths"},"content":{"rendered":"<p><strong>The Norse Myths<\/strong>. Sami\u00f0 og endursagt af Kefin Crossley-Holland. Fr\u00e1s\u00f6gnin \u00ed The Norse Myths er a\u00f0 mestu bygg\u00f0 \u00e1 s\u00f6mu sagnahef\u00f0 og \u00ed s\u00f6gum Tolkiens, fornan sagnaheim nor\u00f0ursins. H\u00f6fundurinn fwr\u00f0a\u00f0ist m.a.til \u00cdslands til a\u00f0 kynnast betur nor\u00f0rinu \u00fear sem \u00cdslendingas\u00f6gurnar og Eddurnar ur\u00f0u til, \u00fear sem sagt er fr\u00e1 \u00d3\u00f0ni, \u00de\u00f3r og Loka og \u00f6llum \u00feeim verum sem lif\u00f0u \u00e1 \u00feeirra \u00f6ld. B\u00f3kin er bundin \u00ed forlagsband, gr\u00e6nan shirting \u00e1 kj\u00f6l, gyllt og spjaldapapp\u00edr \u00e1 hli\u00f0um. St\u00e6r\u00f0: 24 X 16 cm og 276 bls.<\/p>\n<p><strong>\u00datg\u00e1fa og prentun<\/strong>:<br \/>\nAndre Deutsch Limited London 1980. Prentun in Great Britain by Fakenhem Press Limited. Fakenhem, Norfolk.<\/p>\n","protected":false},"excerpt":{"rendered":"<p>The Norse Myths. Sami\u00f0 og endursagt af Kefin Crossley-Holland. Fr\u00e1s\u00f6gnin \u00ed The Norse Myths er a\u00f0 mestu bygg\u00f0 \u00e1 s\u00f6mu sagnahef\u00f0 og \u00ed s\u00f6gum Tolkiens, fornan sagnaheim nor\u00f0ursins. H\u00f6fundurinn fwr\u00f0a\u00f0ist m.a.til \u00cdslands til a\u00f0 kynnast betur nor\u00f0rinu \u00fear sem \u00cdslendingas\u00f6gurnar og Eddurnar ur\u00f0u til, \u00fear sem sagt er fr\u00e1 \u00d3\u00f0ni, \u00de\u00f3r og Loka og \u00f6llum [&hellip;]<\/p>\n","protected":false},"featured_media":9897,"template":"","meta":{"slim_seo":{"title":"The Norse Myths - KindArt","description":"The Norse Myths . Sami\u00f0 og endursagt af Kefin Crossley-Holland. Fr\u00e1s\u00f6gnin \u00ed The Norse Myths er a\u00f0 mestu bygg\u00f0 \u00e1 s\u00f6mu sagnahef\u00f0 og \u00ed s\u00f6gum Tolkiens, fornan sagna"}},"product_brand":[],"product_cat":[83],"product_tag":[],"class_list":{"0":"post-9907","1":"product","2":"type-product","3":"status-publish","4":"has-post-thumbnail","6":"product_cat-books","7":"product_shipping_class-small-en","9":"first","10":"instock","11":"purchasable","12":"product-type-simple"},"_links":{"self":[{"href":"https:\/\/kindart.is\/en\/wp-json\/wp\/v2\/product\/9907","targetHints":{"allow":["GET"]}}],"collection":[{"href":"https:\/\/kindart.is\/en\/wp-json\/wp\/v2\/product"}],"about":[{"href":"https:\/\/kindart.is\/en\/wp-json\/wp\/v2\/types\/product"}],"wp:featuredmedia":[{"embeddable":true,"href":"https:\/\/kindart.is\/en\/wp-json\/wp\/v2\/media\/9897"}],"wp:attachment":[{"href":"https:\/\/kindart.is\/en\/wp-json\/wp\/v2\/media?parent=9907"}],"wp:term":[{"taxonomy":"product_brand","embeddable":true,"href":"https:\/\/kindart.is\/en\/wp-json\/wp\/v2\/product_brand?post=9907"},{"taxonomy":"product_cat","embeddable":true,"href":"https:\/\/kindart.is\/en\/wp-json\/wp\/v2\/product_cat?post=9907"},{"taxonomy":"product_tag","embeddable":true,"href":"https:\/\/kindart.is\/en\/wp-json\/wp\/v2\/product_tag?post=9907"}],"curies":[{"name":"wp","href":"https:\/\/api.w.org\/{rel}","templated":true}]}}