{"id":9918,"date":"2025-01-11T16:39:57","date_gmt":"2025-01-11T16:39:57","guid":{"rendered":"https:\/\/kindart.is\/vara\/skohljod\/"},"modified":"2025-01-11T16:39:57","modified_gmt":"2025-01-11T16:39:57","slug":"skohljod","status":"publish","type":"product","link":"https:\/\/kindart.is\/en\/vara\/skohljod\/","title":{"rendered":"Sk\u00f3hlj\u00f3\u00f0"},"content":{"rendered":"<p><strong>Sk\u00f3hlj\u00f3\u00f0<\/strong>, Lj\u00f3\u00f0ab\u00f3k eftir Steind\u00f3r Sigur\u00f0sson prentara \u00ed Vestmannaeyjum. Fyrsta b\u00f3kin sem prentu\u00f0 var \u00ed Vestmannaeyjum. H\u00fan var prentu\u00f0 \u00ed prentsmi\u00f0ju sem nokkrir menn \u00ed Eyjum h\u00f6f\u00f0u keypt \u00far \u00ferotab\u00fai G\u00edsla J. Johnsens og jafnframt Prentsmi\u00f0ju Vikunnar sem Steind\u00f3r Sigur\u00f0sson haf\u00f0i forst\u00f6\u00f0u fyrir. Steind\u00f3r fluttist um \u00feetta leyti til Noregs og \u00e6tla\u00f0i a\u00f0 ver\u00f0a heimsfr\u00e6gur rith\u00f6fundur eins og Kristmann Gu\u00f0mundsson haf\u00f0i gert. B\u00f3kin er \u00f3venjulega brotin um, eins og s\u00e9st \u00e1 b\u00f3kinni, en Steind\u00f3r var l\u00edka mj\u00f6g \u00f3venjulegur ma\u00f0ur. B\u00f3kin var saumu\u00f0 og sett \u00ed kartonk\u00e1pu, \u00f3skorin. St\u00e6r\u00f0: 14.1 X 11 cm og 100 bls.<\/p>\n<p><strong>\u00datg\u00e1fa og prentun<\/strong>:<br \/>\nEigin \u00fatg\u00e1fa, en Steind\u00f3r eignar Helgu konu s\u00ednni b\u00f3kina. Vestmannaeyjum 1930. Prentun: Eyjaprentsmi\u00f0jan hf.<\/p>\n","protected":false},"excerpt":{"rendered":"<p>Sk\u00f3hlj\u00f3\u00f0, Lj\u00f3\u00f0ab\u00f3k eftir Steind\u00f3r Sigur\u00f0sson prentara \u00ed Vestmannaeyjum. Fyrsta b\u00f3kin sem prentu\u00f0 var \u00ed Vestmannaeyjum. H\u00fan var prentu\u00f0 \u00ed prentsmi\u00f0ju sem nokkrir menn \u00ed Eyjum h\u00f6f\u00f0u keypt \u00far \u00ferotab\u00fai G\u00edsla J. Johnsens og jafnframt Prentsmi\u00f0ju Vikunnar sem Steind\u00f3r Sigur\u00f0sson haf\u00f0i forst\u00f6\u00f0u fyrir. Steind\u00f3r fluttist um \u00feetta leyti til Noregs og \u00e6tla\u00f0i a\u00f0 ver\u00f0a heimsfr\u00e6gur rith\u00f6fundur [&hellip;]<\/p>\n","protected":false},"featured_media":9911,"template":"","meta":{"slim_seo":{"title":"Sk\u00f3hlj\u00f3\u00f0 - KindArt","description":"Sk\u00f3hlj\u00f3\u00f0 , Lj\u00f3\u00f0ab\u00f3k eftir Steind\u00f3r Sigur\u00f0sson prentara \u00ed Vestmannaeyjum. Fyrsta b\u00f3kin sem prentu\u00f0 var \u00ed Vestmannaeyjum. H\u00fan var prentu\u00f0 \u00ed prentsmi\u00f0ju sem nokkri"}},"product_brand":[],"product_cat":[83],"product_tag":[],"class_list":{"0":"post-9918","1":"product","2":"type-product","3":"status-publish","4":"has-post-thumbnail","6":"product_cat-books","7":"product_shipping_class-small-en","9":"first","10":"instock","11":"purchasable","12":"product-type-simple"},"_links":{"self":[{"href":"https:\/\/kindart.is\/en\/wp-json\/wp\/v2\/product\/9918","targetHints":{"allow":["GET"]}}],"collection":[{"href":"https:\/\/kindart.is\/en\/wp-json\/wp\/v2\/product"}],"about":[{"href":"https:\/\/kindart.is\/en\/wp-json\/wp\/v2\/types\/product"}],"wp:featuredmedia":[{"embeddable":true,"href":"https:\/\/kindart.is\/en\/wp-json\/wp\/v2\/media\/9911"}],"wp:attachment":[{"href":"https:\/\/kindart.is\/en\/wp-json\/wp\/v2\/media?parent=9918"}],"wp:term":[{"taxonomy":"product_brand","embeddable":true,"href":"https:\/\/kindart.is\/en\/wp-json\/wp\/v2\/product_brand?post=9918"},{"taxonomy":"product_cat","embeddable":true,"href":"https:\/\/kindart.is\/en\/wp-json\/wp\/v2\/product_cat?post=9918"},{"taxonomy":"product_tag","embeddable":true,"href":"https:\/\/kindart.is\/en\/wp-json\/wp\/v2\/product_tag?post=9918"}],"curies":[{"name":"wp","href":"https:\/\/api.w.org\/{rel}","templated":true}]}}