{"id":9924,"date":"2025-01-11T16:43:04","date_gmt":"2025-01-11T16:43:04","guid":{"rendered":"https:\/\/kindart.is\/vara\/neikvaeda\/"},"modified":"2025-01-11T16:43:04","modified_gmt":"2025-01-11T16:43:04","slug":"neikvaeda","status":"publish","type":"product","link":"https:\/\/kindart.is\/en\/vara\/neikvaeda\/","title":{"rendered":"Neikv\u00e6\u00f0a"},"content":{"rendered":"<p><strong>Neikv\u00e6\u00f0a<\/strong>. Lj\u00f3\u00f0ab\u00f3k eftir Hallberg Hallmundsson. B\u00f3kin er saumu\u00f0 og sett \u00ed rau\u00f0br\u00fana plastkl\u00e6\u00f0ningu, gyllt a\u00f0 framan og \u00e1 kj\u00f6l. St\u00e6r\u00f0: 20.8 X 13 cm og 78 bls.<\/p>\n<p><strong>\u00datg\u00e1fa og prentun<\/strong>:<br \/>\nAlmenna b\u00f3kaf\u00e9lagi\u00f0 Reykjav\u00edk 1977. Prentun: Prentverk Akraness.<\/p>\n","protected":false},"excerpt":{"rendered":"<p>Neikv\u00e6\u00f0a. Lj\u00f3\u00f0ab\u00f3k eftir Hallberg Hallmundsson. B\u00f3kin er saumu\u00f0 og sett \u00ed rau\u00f0br\u00fana plastkl\u00e6\u00f0ningu, gyllt a\u00f0 framan og \u00e1 kj\u00f6l. St\u00e6r\u00f0: 20.8 X 13 cm og 78 bls. \u00datg\u00e1fa og prentun: Almenna b\u00f3kaf\u00e9lagi\u00f0 Reykjav\u00edk 1977. Prentun: Prentverk Akraness.<\/p>\n","protected":false},"featured_media":9921,"template":"","meta":{"slim_seo":{"title":"Neikv\u00e6\u00f0a - KindArt","description":"Neikv\u00e6\u00f0a . Lj\u00f3\u00f0ab\u00f3k eftir Hallberg Hallmundsson. B\u00f3kin er saumu\u00f0 og sett \u00ed rau\u00f0br\u00fana plastkl\u00e6\u00f0ningu, gyllt a\u00f0 framan og \u00e1 kj\u00f6l. St\u00e6r\u00f0: 20.8 X 13 cm og 78 bls. \u00da"}},"product_brand":[],"product_cat":[83],"product_tag":[],"class_list":{"0":"post-9924","1":"product","2":"type-product","3":"status-publish","4":"has-post-thumbnail","6":"product_cat-books","7":"product_shipping_class-small-en","9":"first","10":"instock","11":"purchasable","12":"product-type-simple"},"_links":{"self":[{"href":"https:\/\/kindart.is\/en\/wp-json\/wp\/v2\/product\/9924","targetHints":{"allow":["GET"]}}],"collection":[{"href":"https:\/\/kindart.is\/en\/wp-json\/wp\/v2\/product"}],"about":[{"href":"https:\/\/kindart.is\/en\/wp-json\/wp\/v2\/types\/product"}],"wp:featuredmedia":[{"embeddable":true,"href":"https:\/\/kindart.is\/en\/wp-json\/wp\/v2\/media\/9921"}],"wp:attachment":[{"href":"https:\/\/kindart.is\/en\/wp-json\/wp\/v2\/media?parent=9924"}],"wp:term":[{"taxonomy":"product_brand","embeddable":true,"href":"https:\/\/kindart.is\/en\/wp-json\/wp\/v2\/product_brand?post=9924"},{"taxonomy":"product_cat","embeddable":true,"href":"https:\/\/kindart.is\/en\/wp-json\/wp\/v2\/product_cat?post=9924"},{"taxonomy":"product_tag","embeddable":true,"href":"https:\/\/kindart.is\/en\/wp-json\/wp\/v2\/product_tag?post=9924"}],"curies":[{"name":"wp","href":"https:\/\/api.w.org\/{rel}","templated":true}]}}