{"id":9932,"date":"2025-01-11T16:50:10","date_gmt":"2025-01-11T16:50:10","guid":{"rendered":"https:\/\/kindart.is\/vara\/somamenn-og-fleira-folk\/"},"modified":"2025-01-11T16:50:10","modified_gmt":"2025-01-11T16:50:10","slug":"somamenn-og-fleira-folk","status":"publish","type":"product","link":"https:\/\/kindart.is\/en\/vara\/somamenn-og-fleira-folk\/","title":{"rendered":"S\u00f3mamenn og fleira f\u00f3lk"},"content":{"rendered":"<p><strong>S\u00f3mamenn og fleira f\u00f3lk<\/strong>-Minningar brot og mannl\u00fdsingar Bragi Kristj\u00f3nsson hefur um \u00e1rabil au\u00f0ga\u00f0 mannl\u00edfi\u00f0 me\u00f0 sagnasnilld, sem sj\u00f3nvarps\u00e1horfendur hafa fengi\u00f0 a\u00f0 kynnast \u00ed Kiljunni, \u00fe\u00e6tti Egils Helgasonar. \u00deetta er safn greina Braga \u00ed bl\u00f6\u00f0um og t\u00edmaritum s.l. h\u00e1lfa \u00f6ld og er \u00fev\u00ed h\u00e9r pers\u00f3nugaller\u00ed sem vart \u00e1 s\u00e9r hli\u00f0st\u00e6\u00f0u. B\u00f3kin er bundin \u00ed rex\u00ednband \u00e1 kj\u00f6l og horn me\u00f0 \u00e1prentu\u00f0um spjaldapapp\u00edr. St\u00e6r\u00f0: 21.7 X 14 cm og 207 bls. + CD diskur.\u00e1 aftara spjaldi me\u00f0 efni \u00far Kiljunni..<\/p>\n<p><strong>\u00datg\u00e1fa og prentun<\/strong>:<br \/>\nS\u00f6gur, \u00fatg\u00e1fa Reykjav\u00edk 2011. Prentun: Oddi, umhverfisvottu\u00f0 prentsmi\u00f0ja.<\/p>\n","protected":false},"excerpt":{"rendered":"<p>S\u00f3mamenn og fleira f\u00f3lk-Minningar brot og mannl\u00fdsingar Bragi Kristj\u00f3nsson hefur um \u00e1rabil au\u00f0ga\u00f0 mannl\u00edfi\u00f0 me\u00f0 sagnasnilld, sem sj\u00f3nvarps\u00e1horfendur hafa fengi\u00f0 a\u00f0 kynnast \u00ed Kiljunni, \u00fe\u00e6tti Egils Helgasonar. \u00deetta er safn greina Braga \u00ed bl\u00f6\u00f0um og t\u00edmaritum s.l. h\u00e1lfa \u00f6ld og er \u00fev\u00ed h\u00e9r pers\u00f3nugaller\u00ed sem vart \u00e1 s\u00e9r hli\u00f0st\u00e6\u00f0u. B\u00f3kin er bundin \u00ed rex\u00ednband \u00e1 [&hellip;]<\/p>\n","protected":false},"featured_media":9927,"template":"","meta":{"slim_seo":{"title":"S\u00f3mamenn og fleira f\u00f3lk - KindArt","description":"S\u00f3mamenn og fleira f\u00f3lk -Minningar brot og mannl\u00fdsingar Bragi Kristj\u00f3nsson hefur um \u00e1rabil au\u00f0ga\u00f0 mannl\u00edfi\u00f0 me\u00f0 sagnasnilld, sem sj\u00f3nvarps\u00e1horfendur hafa fengi\u00f0"}},"product_brand":[],"product_cat":[83],"product_tag":[],"class_list":{"0":"post-9932","1":"product","2":"type-product","3":"status-publish","4":"has-post-thumbnail","6":"product_cat-books","7":"product_shipping_class-small-en","9":"first","10":"instock","11":"purchasable","12":"product-type-simple"},"_links":{"self":[{"href":"https:\/\/kindart.is\/en\/wp-json\/wp\/v2\/product\/9932","targetHints":{"allow":["GET"]}}],"collection":[{"href":"https:\/\/kindart.is\/en\/wp-json\/wp\/v2\/product"}],"about":[{"href":"https:\/\/kindart.is\/en\/wp-json\/wp\/v2\/types\/product"}],"wp:featuredmedia":[{"embeddable":true,"href":"https:\/\/kindart.is\/en\/wp-json\/wp\/v2\/media\/9927"}],"wp:attachment":[{"href":"https:\/\/kindart.is\/en\/wp-json\/wp\/v2\/media?parent=9932"}],"wp:term":[{"taxonomy":"product_brand","embeddable":true,"href":"https:\/\/kindart.is\/en\/wp-json\/wp\/v2\/product_brand?post=9932"},{"taxonomy":"product_cat","embeddable":true,"href":"https:\/\/kindart.is\/en\/wp-json\/wp\/v2\/product_cat?post=9932"},{"taxonomy":"product_tag","embeddable":true,"href":"https:\/\/kindart.is\/en\/wp-json\/wp\/v2\/product_tag?post=9932"}],"curies":[{"name":"wp","href":"https:\/\/api.w.org\/{rel}","templated":true}]}}