{"id":9940,"date":"2025-01-11T16:56:30","date_gmt":"2025-01-11T16:56:30","guid":{"rendered":"https:\/\/kindart.is\/vara\/thjaningarfrelsid\/"},"modified":"2025-01-11T16:59:36","modified_gmt":"2025-01-11T16:59:36","slug":"thjaningarfrelsid","status":"publish","type":"product","link":"https:\/\/kindart.is\/en\/vara\/thjaningarfrelsid\/","title":{"rendered":"\u00dej\u00e1ningarfrelsi\u00f0"},"content":{"rendered":"<p><strong>\u00dej\u00e1ningarfrelsi\u00f0<\/strong>. \u00d3rei\u00f0a hugsj\u00f3na og hagsmuna \u00ed heimi fj\u00f6lmi\u00f0la. H\u00f6fundar: Au\u00f0ur J\u00f3nsd\u00f3ttir, B\u00e1ra Huld Beck og Steinunn Stef\u00e1nsd\u00f3ttir. B\u00f3kin geymir sko\u00f0anir og huglei\u00f0ingar fimmt\u00edu manns \u00far faginu um \u00feetta mikilv\u00e6ga m\u00e1lefni. H\u00f6fundarnir eru kynntir \u00e1 aftari k\u00e1pu. B\u00f3kin er l\u00edmheft og skorin. St\u00e6r\u00f0: 21 X 13.7 cm og 456 bls.<\/p>\n<p><strong>\u00datg\u00e1fa og prentun<\/strong>:<br \/>\nM\u00e1l og menning. Reykjav\u00edk 2018. Prentun: Prentmi\u00f0lun \/ Lettland.<\/p>\n","protected":false},"excerpt":{"rendered":"<p>\u00dej\u00e1ningarfrelsi\u00f0. \u00d3rei\u00f0a hugsj\u00f3na og hagsmuna \u00ed heimi fj\u00f6lmi\u00f0la. H\u00f6fundar: Au\u00f0ur J\u00f3nsd\u00f3ttir, B\u00e1ra Huld Beck og Steinunn Stef\u00e1nsd\u00f3ttir. B\u00f3kin geymir sko\u00f0anir og huglei\u00f0ingar fimmt\u00edu manns \u00far faginu um \u00feetta mikilv\u00e6ga m\u00e1lefni. H\u00f6fundarnir eru kynntir \u00e1 aftari k\u00e1pu. B\u00f3kin er l\u00edmheft og skorin. St\u00e6r\u00f0: 21 X 13.7 cm og 456 bls. \u00datg\u00e1fa og prentun: M\u00e1l og menning. [&hellip;]<\/p>\n","protected":false},"featured_media":9935,"template":"","meta":{"slim_seo":{"title":"\u00dej\u00e1ningarfrelsi\u00f0 - KindArt","description":"\u00dej\u00e1ningarfrelsi\u00f0 . \u00d3rei\u00f0a hugsj\u00f3na og hagsmuna \u00ed heimi fj\u00f6lmi\u00f0la. H\u00f6fundar: Au\u00f0ur J\u00f3nsd\u00f3ttir, B\u00e1ra Huld Beck og Steinunn Stef\u00e1nsd\u00f3ttir. B\u00f3kin geymir sko\u00f0anir og"}},"product_brand":[],"product_cat":[83],"product_tag":[],"class_list":{"0":"post-9940","1":"product","2":"type-product","3":"status-publish","4":"has-post-thumbnail","6":"product_cat-books","7":"product_shipping_class-small-en","9":"first","10":"outofstock","11":"purchasable","12":"product-type-simple"},"_links":{"self":[{"href":"https:\/\/kindart.is\/en\/wp-json\/wp\/v2\/product\/9940","targetHints":{"allow":["GET"]}}],"collection":[{"href":"https:\/\/kindart.is\/en\/wp-json\/wp\/v2\/product"}],"about":[{"href":"https:\/\/kindart.is\/en\/wp-json\/wp\/v2\/types\/product"}],"wp:featuredmedia":[{"embeddable":true,"href":"https:\/\/kindart.is\/en\/wp-json\/wp\/v2\/media\/9935"}],"wp:attachment":[{"href":"https:\/\/kindart.is\/en\/wp-json\/wp\/v2\/media?parent=9940"}],"wp:term":[{"taxonomy":"product_brand","embeddable":true,"href":"https:\/\/kindart.is\/en\/wp-json\/wp\/v2\/product_brand?post=9940"},{"taxonomy":"product_cat","embeddable":true,"href":"https:\/\/kindart.is\/en\/wp-json\/wp\/v2\/product_cat?post=9940"},{"taxonomy":"product_tag","embeddable":true,"href":"https:\/\/kindart.is\/en\/wp-json\/wp\/v2\/product_tag?post=9940"}],"curies":[{"name":"wp","href":"https:\/\/api.w.org\/{rel}","templated":true}]}}