{"id":9951,"date":"2025-01-15T20:50:17","date_gmt":"2025-01-15T20:50:17","guid":{"rendered":"https:\/\/kindart.is\/vara\/gamalt-og-nytt\/"},"modified":"2025-01-15T20:50:17","modified_gmt":"2025-01-15T20:50:17","slug":"gamalt-og-nytt","status":"publish","type":"product","link":"https:\/\/kindart.is\/en\/vara\/gamalt-og-nytt\/","title":{"rendered":"Gamalt og n\u00fdtt"},"content":{"rendered":"<p><strong>Gamalt og n\u00fdtt<\/strong>. Ritstj\u00f3ri: Einar Sigur\u00f0sson..\u00ddmiss s\u00f6gulegur fr\u00f3\u00f0leikur \u00far Vestmannaeyjum. I.- IV., 1949 &#8211; 1951. B\u00e6kurnar eru sauma\u00f0ar og settar \u00ed k\u00e1pu. \u00d3skornar. St\u00e6r\u00f0: 22 X 14 cm og 1. \u00e1r 160 bls. &#8211; 2.\u00e1r 272 bls. &#8211; 3.\u00e1r 160 bls. 4.\u00e1r 160 bls.<\/p>\n<p><strong>\u00datg\u00e1fa og prentun<\/strong>:<br \/>\nM\u00e1na\u00f0arrit me\u00f0 bla\u00f0inu V\u00ed\u00f0i. Vestmannaeyjum. 1949-1951. Prentun: Prentsmi\u00f0jan Eyr\u00fan hf.<\/p>\n","protected":false},"excerpt":{"rendered":"<p>Gamalt og n\u00fdtt. Ritstj\u00f3ri: Einar Sigur\u00f0sson..\u00ddmiss s\u00f6gulegur fr\u00f3\u00f0leikur \u00far Vestmannaeyjum. I.- IV., 1949 &#8211; 1951. B\u00e6kurnar eru sauma\u00f0ar og settar \u00ed k\u00e1pu. \u00d3skornar. St\u00e6r\u00f0: 22 X 14 cm og 1. \u00e1r 160 bls. &#8211; 2.\u00e1r 272 bls. &#8211; 3.\u00e1r 160 bls. 4.\u00e1r 160 bls. \u00datg\u00e1fa og prentun: M\u00e1na\u00f0arrit me\u00f0 bla\u00f0inu V\u00ed\u00f0i. Vestmannaeyjum. 1949-1951. Prentun: Prentsmi\u00f0jan [&hellip;]<\/p>\n","protected":false},"featured_media":9944,"template":"","meta":{"slim_seo":{"title":"Gamalt og n\u00fdtt - KindArt","description":"Gamalt og n\u00fdtt . Ritstj\u00f3ri: Einar Sigur\u00f0sson..\u00ddmiss s\u00f6gulegur fr\u00f3\u00f0leikur \u00far Vestmannaeyjum. I.- IV., 1949 - 1951. B\u00e6kurnar eru sauma\u00f0ar og settar \u00ed k\u00e1pu. \u00d3skorn"}},"product_brand":[],"product_cat":[83],"product_tag":[],"class_list":{"0":"post-9951","1":"product","2":"type-product","3":"status-publish","4":"has-post-thumbnail","6":"product_cat-books","7":"product_shipping_class-small-en","9":"first","10":"instock","11":"purchasable","12":"product-type-simple"},"_links":{"self":[{"href":"https:\/\/kindart.is\/en\/wp-json\/wp\/v2\/product\/9951","targetHints":{"allow":["GET"]}}],"collection":[{"href":"https:\/\/kindart.is\/en\/wp-json\/wp\/v2\/product"}],"about":[{"href":"https:\/\/kindart.is\/en\/wp-json\/wp\/v2\/types\/product"}],"wp:featuredmedia":[{"embeddable":true,"href":"https:\/\/kindart.is\/en\/wp-json\/wp\/v2\/media\/9944"}],"wp:attachment":[{"href":"https:\/\/kindart.is\/en\/wp-json\/wp\/v2\/media?parent=9951"}],"wp:term":[{"taxonomy":"product_brand","embeddable":true,"href":"https:\/\/kindart.is\/en\/wp-json\/wp\/v2\/product_brand?post=9951"},{"taxonomy":"product_cat","embeddable":true,"href":"https:\/\/kindart.is\/en\/wp-json\/wp\/v2\/product_cat?post=9951"},{"taxonomy":"product_tag","embeddable":true,"href":"https:\/\/kindart.is\/en\/wp-json\/wp\/v2\/product_tag?post=9951"}],"curies":[{"name":"wp","href":"https:\/\/api.w.org\/{rel}","templated":true}]}}