{"id":9959,"date":"2025-01-15T20:59:28","date_gmt":"2025-01-15T20:59:28","guid":{"rendered":"https:\/\/kindart.is\/vara\/islenskir-nasistar\/"},"modified":"2025-06-24T10:25:55","modified_gmt":"2025-06-24T10:25:55","slug":"islenskir-nasistar","status":"publish","type":"product","link":"https:\/\/kindart.is\/en\/vara\/islenskir-nasistar\/","title":{"rendered":"\u00cdslenskir nasistar"},"content":{"rendered":"<p><strong>\u00cdslenskir nasistar<\/strong>. H\u00f6fundar: Hrafn J\u00f6kulsson og Illugi J\u00f6kulsson. \u00deeir draga upp lifandi mynd af atbur\u00f0um sem f\u00e6stir \u00feekkja til hl\u00edtar. Aragr\u00fai f\u00f3lks kemur vi\u00f0 s\u00f6gu. Fj\u00f6ldi mynda.<br \/>\nSt\u00e6r\u00f0: 25 X 19 cm og 412 bls. Bundin \u00ed plastefni og gyllt \u00e1 kj\u00f6l<\/p>\n<p><strong>\u00datg\u00e1fa og prentun<\/strong>: B\u00f3ka\u00fatg\u00e1fan T\u00e1kn, Reykjav\u00edk 1988. Prentun: Prentsmi\u00f0ja \u00c1rna Valdemarssonar<\/p>\n","protected":false},"excerpt":{"rendered":"<p>\u00cdslenskir nasistar. H\u00f6fundar: Hrafn J\u00f6kulsson og Illugi J\u00f6kulsson. \u00deeir draga upp lifandi mynd af atbur\u00f0um sem f\u00e6stir \u00feekkja til hl\u00edtar. Aragr\u00fai f\u00f3lks kemur vi\u00f0 s\u00f6gu. Fj\u00f6ldi mynda. St\u00e6r\u00f0: 25 X 19 cm og 412 bls. Bundin \u00ed plastefni og gyllt \u00e1 kj\u00f6l \u00datg\u00e1fa og prentun: B\u00f3ka\u00fatg\u00e1fan T\u00e1kn, Reykjav\u00edk 1988. Prentun: Prentsmi\u00f0ja \u00c1rna Valdemarssonar<\/p>\n","protected":false},"featured_media":9954,"template":"","meta":{"slim_seo":{"title":"\u00cdslenskir nasistar - KindArt","description":"\u00cdslenskir nasistar . H\u00f6fundar: Hrafn J\u00f6kulsson og Illugi J\u00f6kulsson. \u00deeir draga upp lifandi mynd af atbur\u00f0um sem f\u00e6stir \u00feekkja til hl\u00edtar. Aragr\u00fai f\u00f3lks kemur vi"}},"product_brand":[],"product_cat":[83],"product_tag":[],"class_list":{"0":"post-9959","1":"product","2":"type-product","3":"status-publish","4":"has-post-thumbnail","6":"product_cat-books","7":"product_shipping_class-medium-en","9":"first","10":"outofstock","11":"purchasable","12":"product-type-simple"},"_links":{"self":[{"href":"https:\/\/kindart.is\/en\/wp-json\/wp\/v2\/product\/9959","targetHints":{"allow":["GET"]}}],"collection":[{"href":"https:\/\/kindart.is\/en\/wp-json\/wp\/v2\/product"}],"about":[{"href":"https:\/\/kindart.is\/en\/wp-json\/wp\/v2\/types\/product"}],"wp:featuredmedia":[{"embeddable":true,"href":"https:\/\/kindart.is\/en\/wp-json\/wp\/v2\/media\/9954"}],"wp:attachment":[{"href":"https:\/\/kindart.is\/en\/wp-json\/wp\/v2\/media?parent=9959"}],"wp:term":[{"taxonomy":"product_brand","embeddable":true,"href":"https:\/\/kindart.is\/en\/wp-json\/wp\/v2\/product_brand?post=9959"},{"taxonomy":"product_cat","embeddable":true,"href":"https:\/\/kindart.is\/en\/wp-json\/wp\/v2\/product_cat?post=9959"},{"taxonomy":"product_tag","embeddable":true,"href":"https:\/\/kindart.is\/en\/wp-json\/wp\/v2\/product_tag?post=9959"}],"curies":[{"name":"wp","href":"https:\/\/api.w.org\/{rel}","templated":true}]}}