{"id":9967,"date":"2025-01-15T21:08:40","date_gmt":"2025-01-15T21:08:40","guid":{"rendered":"https:\/\/kindart.is\/vara\/bertel\/"},"modified":"2025-01-15T21:16:23","modified_gmt":"2025-01-15T21:16:23","slug":"bertel","status":"publish","type":"product","link":"https:\/\/kindart.is\/en\/vara\/bertel\/","title":{"rendered":"Bertel"},"content":{"rendered":"<p><strong>Bertel<\/strong>. Um Bertel E. \u00d3. \u00deorleifsson og eftir hann. Me\u00f0 mynd. Sn\u00e6bj\u00f6rn J\u00f3nsson t\u00f3k saman. B\u00f3kin er saumheft \u00ed kartonk\u00e1pu. St\u00e6r\u00f0: 19.5 X 13.8 cm og 68 bls. Bertel E.\u00d3. \u00deorleifsson (1857-1890) f\u00e6ddist \u00e1 Keldulandi \u00e1 Skagastr\u00f6nd en \u00f3lst upp \u00ed Reykjav\u00edk. Hann sigldi til Kaupmannahafnar og settist \u00ed Kaupmannahafnarh\u00e1sk\u00f3la en lauk ekki n\u00e1mi. Bertel var einn \u00feeirra sem st\u00f3\u00f0 a\u00f0 \u00fatg\u00e1fu t\u00edmaritsins Ver\u00f0andi sem var bo\u00f0beri rauns\u00e6is \u00ed sk\u00e1ldskap. \u00dear birtust kv\u00e6\u00f0i eftir hann. Einnig birtust kv\u00e6\u00f0i og \u00fe\u00fd\u00f0ingar hans \u00ed \u00f6\u00f0rum bl\u00f6\u00f0um.<\/p>\n<p><strong>\u00datg\u00e1fa og prentun<\/strong>:<br \/>\nSn\u00e6bj\u00f6rn J\u00f3nsson Reykjav\u00edk 1957. Prentun: Prentsmi\u00f0jan Leiftur.<\/p>\n","protected":false},"excerpt":{"rendered":"<p>Bertel. Um Bertel E. \u00d3. \u00deorleifsson og eftir hann. Me\u00f0 mynd. Sn\u00e6bj\u00f6rn J\u00f3nsson t\u00f3k saman. B\u00f3kin er saumheft \u00ed kartonk\u00e1pu. St\u00e6r\u00f0: 19.5 X 13.8 cm og 68 bls. Bertel E.\u00d3. \u00deorleifsson (1857-1890) f\u00e6ddist \u00e1 Keldulandi \u00e1 Skagastr\u00f6nd en \u00f3lst upp \u00ed Reykjav\u00edk. Hann sigldi til Kaupmannahafnar og settist \u00ed Kaupmannahafnarh\u00e1sk\u00f3la en lauk ekki n\u00e1mi. Bertel [&hellip;]<\/p>\n","protected":false},"featured_media":9964,"template":"","meta":{"slim_seo":{"title":"Bertel - KindArt","description":"Bertel . Um Bertel E. \u00d3. \u00deorleifsson og eftir hann. Me\u00f0 mynd. Sn\u00e6bj\u00f6rn J\u00f3nsson t\u00f3k saman. B\u00f3kin er saumheft \u00ed kartonk\u00e1pu. St\u00e6r\u00f0: 19.5 X 13.8 cm og 68 bls. Berte"}},"product_brand":[],"product_cat":[83],"product_tag":[],"class_list":{"0":"post-9967","1":"product","2":"type-product","3":"status-publish","4":"has-post-thumbnail","6":"product_cat-books","7":"product_shipping_class-small-en","9":"first","10":"instock","11":"purchasable","12":"product-type-simple"},"_links":{"self":[{"href":"https:\/\/kindart.is\/en\/wp-json\/wp\/v2\/product\/9967","targetHints":{"allow":["GET"]}}],"collection":[{"href":"https:\/\/kindart.is\/en\/wp-json\/wp\/v2\/product"}],"about":[{"href":"https:\/\/kindart.is\/en\/wp-json\/wp\/v2\/types\/product"}],"wp:featuredmedia":[{"embeddable":true,"href":"https:\/\/kindart.is\/en\/wp-json\/wp\/v2\/media\/9964"}],"wp:attachment":[{"href":"https:\/\/kindart.is\/en\/wp-json\/wp\/v2\/media?parent=9967"}],"wp:term":[{"taxonomy":"product_brand","embeddable":true,"href":"https:\/\/kindart.is\/en\/wp-json\/wp\/v2\/product_brand?post=9967"},{"taxonomy":"product_cat","embeddable":true,"href":"https:\/\/kindart.is\/en\/wp-json\/wp\/v2\/product_cat?post=9967"},{"taxonomy":"product_tag","embeddable":true,"href":"https:\/\/kindart.is\/en\/wp-json\/wp\/v2\/product_tag?post=9967"}],"curies":[{"name":"wp","href":"https:\/\/api.w.org\/{rel}","templated":true}]}}