{"id":9975,"date":"2025-01-18T20:38:02","date_gmt":"2025-01-18T20:38:02","guid":{"rendered":"https:\/\/kindart.is\/vara\/their-sem-settu-svip-a-baeinn\/"},"modified":"2025-01-18T20:43:26","modified_gmt":"2025-01-18T20:43:26","slug":"their-sem-settu-svip-a-baeinn","status":"publish","type":"product","link":"https:\/\/kindart.is\/en\/vara\/their-sem-settu-svip-a-baeinn\/","title":{"rendered":"\u00deeir sem settu svip \u00e1 b\u00e6inn"},"content":{"rendered":"<p><strong>\u00deeir sem settu svip \u00e1 b\u00e6inn<\/strong> eftir J\u00f3n Helgason biskup. Endurminningar fr\u00e1 Reykjav\u00edk uppvaxtar\u00e1ra minna. Me\u00f0 160 andlitsmyndum og 11 h\u00f3pmyndum. B\u00f3kin er bundin \u00ed skinnband \u00e1 kj\u00f6l og kl\u00e6dd me\u00f0 sl\u00f6ngupapp\u00edr \u00e1 spj\u00f6ldum. Gyllt \u00e1 kj\u00f6l. St\u00e6r\u00f0:25.1 X 18.7 cm og 173 bls.<\/p>\n<p><strong>\u00datg\u00e1fa og prentun<\/strong>:<br \/>\n\u00cdsafoldarprentsmi\u00f0ja hf Reykjav\u00edk 1941. Prentun: \u00cdsafoldarprentsmi\u00f0ja<\/p>\n","protected":false},"excerpt":{"rendered":"<p>\u00deeir sem settu svip \u00e1 b\u00e6inn eftir J\u00f3n Helgason biskup. Endurminningar fr\u00e1 Reykjav\u00edk uppvaxtar\u00e1ra minna. Me\u00f0 160 andlitsmyndum og 11 h\u00f3pmyndum. B\u00f3kin er bundin \u00ed skinnband \u00e1 kj\u00f6l og kl\u00e6dd me\u00f0 sl\u00f6ngupapp\u00edr \u00e1 spj\u00f6ldum. Gyllt \u00e1 kj\u00f6l. St\u00e6r\u00f0:25.1 X 18.7 cm og 173 bls. \u00datg\u00e1fa og prentun: \u00cdsafoldarprentsmi\u00f0ja hf Reykjav\u00edk 1941. Prentun: \u00cdsafoldarprentsmi\u00f0ja<\/p>\n","protected":false},"featured_media":9971,"template":"","meta":{"slim_seo":{"title":"\u00deeir sem settu svip \u00e1 b\u00e6inn - KindArt","description":"\u00deeir sem settu svip \u00e1 b\u00e6inn eftir J\u00f3n Helgason biskup. Endurminningar fr\u00e1 Reykjav\u00edk uppvaxtar\u00e1ra minna. Me\u00f0 160 andlitsmyndum og 11 h\u00f3pmyndum. B\u00f3kin er bundin \u00ed"}},"product_brand":[],"product_cat":[83],"product_tag":[],"class_list":{"0":"post-9975","1":"product","2":"type-product","3":"status-publish","4":"has-post-thumbnail","6":"product_cat-books","7":"product_shipping_class-small-en","9":"first","10":"instock","11":"purchasable","12":"product-type-simple"},"_links":{"self":[{"href":"https:\/\/kindart.is\/en\/wp-json\/wp\/v2\/product\/9975","targetHints":{"allow":["GET"]}}],"collection":[{"href":"https:\/\/kindart.is\/en\/wp-json\/wp\/v2\/product"}],"about":[{"href":"https:\/\/kindart.is\/en\/wp-json\/wp\/v2\/types\/product"}],"wp:featuredmedia":[{"embeddable":true,"href":"https:\/\/kindart.is\/en\/wp-json\/wp\/v2\/media\/9971"}],"wp:attachment":[{"href":"https:\/\/kindart.is\/en\/wp-json\/wp\/v2\/media?parent=9975"}],"wp:term":[{"taxonomy":"product_brand","embeddable":true,"href":"https:\/\/kindart.is\/en\/wp-json\/wp\/v2\/product_brand?post=9975"},{"taxonomy":"product_cat","embeddable":true,"href":"https:\/\/kindart.is\/en\/wp-json\/wp\/v2\/product_cat?post=9975"},{"taxonomy":"product_tag","embeddable":true,"href":"https:\/\/kindart.is\/en\/wp-json\/wp\/v2\/product_tag?post=9975"}],"curies":[{"name":"wp","href":"https:\/\/api.w.org\/{rel}","templated":true}]}}