{"id":9982,"date":"2025-01-18T20:46:29","date_gmt":"2025-01-18T20:46:29","guid":{"rendered":"https:\/\/kindart.is\/vara\/gamlar-myndir\/"},"modified":"2025-01-18T20:52:44","modified_gmt":"2025-01-18T20:52:44","slug":"gamlar-myndir","status":"publish","type":"product","link":"https:\/\/kindart.is\/en\/vara\/gamlar-myndir\/","title":{"rendered":"Gamlar myndir"},"content":{"rendered":"<p><strong>Gamlar myndir<\/strong>. \u00dar s\u00f6fnum elztu lj\u00f3smyndara \u00e1 \u00cdslandi. \u00deessar myndir eru n\u00e6r allar unnar \u00far g\u00f6mlu pl\u00f6tusafni \u00ed eigu \u00dej\u00f3\u00f0minjasafns \u00cdslands. \u00de\u00e6r eru flestar \u00far s\u00f6fnum lj\u00f3smyndaranna: Sigf\u00fasar Eymundssonar, P\u00e9turs Brynj\u00f3lfssonar og J\u00f3ns J. Dahlmanns.Myndin \u00e1 titils\u00ed\u00f0unni er fr\u00e1 Bor\u00f0eyri. B\u00f3kin er bundin \u00ed alband \u00ed plastefni, gyllt a\u00f0 framan, en k\u00e1pulaus. St\u00e6r\u00f0: 28 X 21.8 cm og 86 bls.<\/p>\n<p><strong>\u00datg\u00e1fa og prentun<\/strong>:<br \/>\nB\u00f3ka\u00fatg\u00e1fan Nor\u00f0ri. Reykjav\u00edk. Prentun: Prentu\u00f0 me\u00f0 offseta\u00f0fer\u00f0 \u00ed Prentsmi\u00f0junni Litbr\u00e1. B\u00f3kband: B\u00f3kfell.<\/p>\n","protected":false},"excerpt":{"rendered":"<p>Gamlar myndir. \u00dar s\u00f6fnum elztu lj\u00f3smyndara \u00e1 \u00cdslandi. \u00deessar myndir eru n\u00e6r allar unnar \u00far g\u00f6mlu pl\u00f6tusafni \u00ed eigu \u00dej\u00f3\u00f0minjasafns \u00cdslands. \u00de\u00e6r eru flestar \u00far s\u00f6fnum lj\u00f3smyndaranna: Sigf\u00fasar Eymundssonar, P\u00e9turs Brynj\u00f3lfssonar og J\u00f3ns J. Dahlmanns.Myndin \u00e1 titils\u00ed\u00f0unni er fr\u00e1 Bor\u00f0eyri. B\u00f3kin er bundin \u00ed alband \u00ed plastefni, gyllt a\u00f0 framan, en k\u00e1pulaus. St\u00e6r\u00f0: 28 X [&hellip;]<\/p>\n","protected":false},"featured_media":9979,"template":"","meta":{"slim_seo":{"title":"Gamlar myndir - KindArt","description":"Gamlar myndir . \u00dar s\u00f6fnum elztu lj\u00f3smyndara \u00e1 \u00cdslandi. \u00deessar myndir eru n\u00e6r allar unnar \u00far g\u00f6mlu pl\u00f6tusafni \u00ed eigu \u00dej\u00f3\u00f0minjasafns \u00cdslands. \u00de\u00e6r eru flestar \u00far s"}},"product_brand":[],"product_cat":[83],"product_tag":[],"class_list":{"0":"post-9982","1":"product","2":"type-product","3":"status-publish","4":"has-post-thumbnail","6":"product_cat-books","7":"product_shipping_class-small-en","9":"first","10":"instock","11":"purchasable","12":"product-type-simple"},"_links":{"self":[{"href":"https:\/\/kindart.is\/en\/wp-json\/wp\/v2\/product\/9982","targetHints":{"allow":["GET"]}}],"collection":[{"href":"https:\/\/kindart.is\/en\/wp-json\/wp\/v2\/product"}],"about":[{"href":"https:\/\/kindart.is\/en\/wp-json\/wp\/v2\/types\/product"}],"wp:featuredmedia":[{"embeddable":true,"href":"https:\/\/kindart.is\/en\/wp-json\/wp\/v2\/media\/9979"}],"wp:attachment":[{"href":"https:\/\/kindart.is\/en\/wp-json\/wp\/v2\/media?parent=9982"}],"wp:term":[{"taxonomy":"product_brand","embeddable":true,"href":"https:\/\/kindart.is\/en\/wp-json\/wp\/v2\/product_brand?post=9982"},{"taxonomy":"product_cat","embeddable":true,"href":"https:\/\/kindart.is\/en\/wp-json\/wp\/v2\/product_cat?post=9982"},{"taxonomy":"product_tag","embeddable":true,"href":"https:\/\/kindart.is\/en\/wp-json\/wp\/v2\/product_tag?post=9982"}],"curies":[{"name":"wp","href":"https:\/\/api.w.org\/{rel}","templated":true}]}}