{"id":9988,"date":"2025-01-20T14:37:01","date_gmt":"2025-01-20T14:37:01","guid":{"rendered":"https:\/\/kindart.is\/vara\/austur-i-blamodu-fjalla\/"},"modified":"2025-01-20T14:37:01","modified_gmt":"2025-01-20T14:37:01","slug":"austur-i-blamodu-fjalla","status":"publish","type":"product","link":"https:\/\/kindart.is\/en\/vara\/austur-i-blamodu-fjalla\/","title":{"rendered":"Austur \u00ed bl\u00e1m\u00f3\u00f0u fjalla"},"content":{"rendered":"<p><strong>Austur \u00ed bl\u00e1m\u00f3\u00f0u fjalla<\/strong>. H\u00f6fundur: A\u00f0alsteinn Kristj\u00e1sson fr\u00e1 Fl\u00f6gu. S\u00e9ra Fri\u00f0rik Bergmann las yfir handrit A\u00f0alsteins og lagf\u00e6r\u00f0i \u00fear sem \u00feurfti. Hann las l\u00edka yfir pr\u00f3farkir a\u00f0 verkinu. Um tilur\u00f0 b\u00f3karinnar er a\u00f0 \u00f6\u00f0ru leyti v\u00edsa\u00f0 til eftirm\u00e1la \u00e1 bls. 332-337.<br \/>\nB\u00f3kin er bundin \u00ed alshirtingsband eins og forlagsband. St\u00e6r\u00f0:19.5 X 12.7 cm og 339 bls. T\u00f3lf myndir eru \u00e1 v\u00ed\u00f0 og dreif. \u00c1 fremra spjaldi, innanvert er l\u00edtill merkimi\u00f0i \u00ed bl\u00e1um lit: T.W.Taylor Co. Ltd, Bookbinding and Printing, Winnipeg Man.<\/p>\n<p><strong>\u00datg\u00e1fa og prentun<\/strong>:<br \/>\nH\u00f6fundur, me\u00f0 hj\u00e1lp g\u00f3\u00f0ra manna eins og s\u00e9ra Fri\u00f0riks Bergmanns o.fl. Winnipeg. 1917. Prentun: Prentsmi\u00f0ja \u00d3lafs S. Thorgeirssonar.<\/p>\n","protected":false},"excerpt":{"rendered":"<p>Austur \u00ed bl\u00e1m\u00f3\u00f0u fjalla. H\u00f6fundur: A\u00f0alsteinn Kristj\u00e1sson fr\u00e1 Fl\u00f6gu. S\u00e9ra Fri\u00f0rik Bergmann las yfir handrit A\u00f0alsteins og lagf\u00e6r\u00f0i \u00fear sem \u00feurfti. Hann las l\u00edka yfir pr\u00f3farkir a\u00f0 verkinu. Um tilur\u00f0 b\u00f3karinnar er a\u00f0 \u00f6\u00f0ru leyti v\u00edsa\u00f0 til eftirm\u00e1la \u00e1 bls. 332-337. B\u00f3kin er bundin \u00ed alshirtingsband eins og forlagsband. St\u00e6r\u00f0:19.5 X 12.7 cm og 339 [&hellip;]<\/p>\n","protected":false},"featured_media":9985,"template":"","meta":{"slim_seo":{"title":"Austur \u00ed bl\u00e1m\u00f3\u00f0u fjalla - KindArt","description":"Austur \u00ed bl\u00e1m\u00f3\u00f0u fjalla . H\u00f6fundur: A\u00f0alsteinn Kristj\u00e1sson fr\u00e1 Fl\u00f6gu. S\u00e9ra Fri\u00f0rik Bergmann las yfir handrit A\u00f0alsteins og lagf\u00e6r\u00f0i \u00fear sem \u00feurfti. Hann las l\u00edk"}},"product_brand":[],"product_cat":[83],"product_tag":[],"class_list":{"0":"post-9988","1":"product","2":"type-product","3":"status-publish","4":"has-post-thumbnail","6":"product_cat-books","7":"product_shipping_class-small-en","9":"first","10":"instock","11":"purchasable","12":"product-type-simple"},"_links":{"self":[{"href":"https:\/\/kindart.is\/en\/wp-json\/wp\/v2\/product\/9988","targetHints":{"allow":["GET"]}}],"collection":[{"href":"https:\/\/kindart.is\/en\/wp-json\/wp\/v2\/product"}],"about":[{"href":"https:\/\/kindart.is\/en\/wp-json\/wp\/v2\/types\/product"}],"wp:featuredmedia":[{"embeddable":true,"href":"https:\/\/kindart.is\/en\/wp-json\/wp\/v2\/media\/9985"}],"wp:attachment":[{"href":"https:\/\/kindart.is\/en\/wp-json\/wp\/v2\/media?parent=9988"}],"wp:term":[{"taxonomy":"product_brand","embeddable":true,"href":"https:\/\/kindart.is\/en\/wp-json\/wp\/v2\/product_brand?post=9988"},{"taxonomy":"product_cat","embeddable":true,"href":"https:\/\/kindart.is\/en\/wp-json\/wp\/v2\/product_cat?post=9988"},{"taxonomy":"product_tag","embeddable":true,"href":"https:\/\/kindart.is\/en\/wp-json\/wp\/v2\/product_tag?post=9988"}],"curies":[{"name":"wp","href":"https:\/\/api.w.org\/{rel}","templated":true}]}}